{"id":166,"date":"2024-06-25T18:15:29","date_gmt":"2024-06-25T15:15:29","guid":{"rendered":"https:\/\/taksi.omenainen.fi\/?page_id=166"},"modified":"2025-05-08T11:57:58","modified_gmt":"2025-05-08T08:57:58","slug":"hinnasto","status":"publish","type":"page","link":"https:\/\/taksi.omenainen.fi\/index.php\/hinnasto\/","title":{"rendered":"Hinnasto"},"content":{"rendered":"<table>\n<thead>\n<tr>\n<th colspan=\"2\"><strong>L\u00e4ht\u00f6maksu arkisin ja la<\/strong><\/th>\n<\/tr>\n<\/thead>\n<tbody>\n<tr>\n<td width=\"150\">klo 07-18<\/td>\n<td>5,20 \u20ac (+ aattona)<\/td>\n<\/tr>\n<tr>\n<td width=\"150\">klo 18-07<\/td>\n<td>8,30 \u20ac (+ sunnuntaisin ja pyh\u00e4p\u00e4ivisin)<\/td>\n<\/tr>\n<\/tbody>\n<\/table>\n<table>\n<thead>\n<tr>\n<th colspan=\"2\"><strong>Kilometrimaksu 1-4 hl\u00f6\u00e4<\/strong><\/th>\n<\/tr>\n<\/thead>\n<tbody>\n<tr>\n<td width=\"150\">klo 07-18<\/td>\n<td>1,25 \u20ac (10km asti jonka j\u00e4lkeen 2,01\u20ac)<\/td>\n<\/tr>\n<tr>\n<td width=\"150\">klo 18-07<\/td>\n<td>2,01\u20ac (+ sunnuntaisin ja pyh\u00e4p\u00e4ivisin)<\/td>\n<\/tr>\n<\/tbody>\n<\/table>\n<table>\n<thead>\n<tr>\n<th colspan=\"2\"><strong>Aikaveloitus \/min<\/strong><\/th>\n<\/tr>\n<\/thead>\n<tbody>\n<tr>\n<td width=\"150\">klo 07-18<\/td>\n<td>0,89 \u20ac<\/td>\n<\/tr>\n<tr>\n<td width=\"150\">klo 18-07<\/td>\n<td>0,38 \u20ac (+ sunnuntaisin ja pyh\u00e4p\u00e4ivisin)<\/td>\n<\/tr>\n<\/tbody>\n<\/table>\n<p>Aikaveloitukset 15min saakka jonka j\u00e4lkeen 0,10\u20ac\/min<\/p>\n<h2><strong>Kiinte\u00e4 hinta voidaan sopia kuljettajan kanssa ennen matkaa.\u00a0<\/strong><\/h2>\n<p>Hinnat ovat enimm\u00e4ishintoja.<\/p>\n<p>Esimerkkimatkan (10km + 15min) enimm\u00e4ishinta 34,10eur<br \/>\narkisin: 10km x 1,25 + 15min x 0,89 + 5,20 = 31,05eur<br \/>\nmuu aika: 10km x 2,01 + 15min x 0,38 + 8,30 = 34,10eur<\/p>\n<hr \/>\n<p><strong>Lis\u00e4maksut<\/strong><\/p>\n<p><strong>Avustamislis\u00e4 py\u00f6r\u00e4tuoli 16,30 \u20ac<\/strong><br \/>\n-lis\u00e4t\u00e4\u00e4n hintaan, kun asiakas tarvitsee avustamista autoon tai autosta pois<\/p>\n<p><strong>Avustamislis\u00e4 porras 32,60 \u20ac<\/strong><br \/>\n\u2013 lis\u00e4t\u00e4\u00e4n hintaan, kun asiakasta avustetaan k\u00e4sivoimin tai CE-merkityn porraskiipij\u00e4n avulla rakennuksen sis\u00e4- tai ulkoportaissa<\/p>\n<p><strong>Avustamislis\u00e4 paari 49,20 \u20ac<\/strong><br \/>\n\u2013 lis\u00e4t\u00e4\u00e4n hintaan, kun asiakkaan kuljetus edellytt\u00e4\u00e4 paareja ja paariajoneuvon k\u00e4ytt\u00f6\u00e4<\/p>\n<p><strong>El\u00e4inlis\u00e4 5,20 \u20ac\u00a0<\/strong><\/p>\n<p><strong>Isot tavarat 7,80 \u20ac<\/strong><\/p>\n<p><strong>Odotusmaksu 1,17 \u20ac\/min,\u00a0<\/strong>(lis\u00e4palvelu, asiakkaan pyynn\u00f6st\u00e4, t\u00e4ll\u00f6in ei perit\u00e4 ajon aikaista aikaveloitusta)<\/p>\n<p>laskutuslis\u00e4: S\u00e4hk\u00f6posti ja Verkkolasku <strong>5,00 \u20ac , Kirjeen\u00e4 toimitettava lasku 8.00 \u20ac<\/strong><\/p>\n<p>Hinnat ovat voimassa toistaiseksi.<\/p>\n<p>Pid\u00e4t\u00e4mme oikeuden hinnaston muutoksiin.<\/p>\n","protected":false},"excerpt":{"rendered":"<p>L\u00e4ht\u00f6maksu arkisin ja la klo 07-18 5,20 \u20ac (+ aattona) klo 18-07 8,30 \u20ac (+ sunnuntaisin ja pyh\u00e4p\u00e4ivisin) Kilometrimaksu 1-4 hl\u00f6\u00e4 klo 07-18 1,25 \u20ac (10km asti jonka j\u00e4lkeen 2,01\u20ac) klo 18-07 2,01\u20ac (+ sunnuntaisin ja pyh\u00e4p\u00e4ivisin) Aikaveloitus \/min klo 07-18 0,89 \u20ac klo 18-07 0,38 \u20ac (+ sunnuntaisin ja pyh\u00e4p\u00e4ivisin) Aikaveloitukset 15min saakka jonka &hellip; <a href=\"https:\/\/taksi.omenainen.fi\/index.php\/hinnasto\/\" class=\"more-link\">Jatka lukemista <span class=\"screen-reader-text\">Hinnasto<\/span> <span class=\"meta-nav\">&rarr;<\/span><\/a><\/p>\n","protected":false},"author":1,"featured_media":0,"parent":0,"menu_order":0,"comment_status":"closed","ping_status":"closed","template":"","meta":{"footnotes":""},"class_list":["post-166","page","type-page","status-publish","hentry"],"_links":{"self":[{"href":"https:\/\/taksi.omenainen.fi\/index.php\/wp-json\/wp\/v2\/pages\/166","targetHints":{"allow":["GET"]}}],"collection":[{"href":"https:\/\/taksi.omenainen.fi\/index.php\/wp-json\/wp\/v2\/pages"}],"about":[{"href":"https:\/\/taksi.omenainen.fi\/index.php\/wp-json\/wp\/v2\/types\/page"}],"author":[{"embeddable":true,"href":"https:\/\/taksi.omenainen.fi\/index.php\/wp-json\/wp\/v2\/users\/1"}],"replies":[{"embeddable":true,"href":"https:\/\/taksi.omenainen.fi\/index.php\/wp-json\/wp\/v2\/comments?post=166"}],"version-history":[{"count":4,"href":"https:\/\/taksi.omenainen.fi\/index.php\/wp-json\/wp\/v2\/pages\/166\/revisions"}],"predecessor-version":[{"id":215,"href":"https:\/\/taksi.omenainen.fi\/index.php\/wp-json\/wp\/v2\/pages\/166\/revisions\/215"}],"wp:attachment":[{"href":"https:\/\/taksi.omenainen.fi\/index.php\/wp-json\/wp\/v2\/media?parent=166"}],"curies":[{"name":"wp","href":"https:\/\/api.w.org\/{rel}","templated":true}]}}