{"id":175,"date":"2024-06-27T08:17:48","date_gmt":"2024-06-27T05:17:48","guid":{"rendered":"https:\/\/taksi.omenainen.fi\/?page_id=175"},"modified":"2024-06-27T08:17:48","modified_gmt":"2024-06-27T05:17:48","slug":"evasteet-ja-rekisteriseloste","status":"publish","type":"page","link":"https:\/\/taksi.omenainen.fi\/index.php\/evasteet-ja-rekisteriseloste\/","title":{"rendered":"Ev\u00e4steet ja Rekisteriseloste"},"content":{"rendered":"<h1 class=\"widget-title\">EV\u00c4STEET JA REKISTERISELOSTE<\/h1>\n<div class=\"textwidget\">\n<p><strong>Ev\u00e4steet t\u00e4ss\u00e4 sivustossa<\/strong><\/p>\n<p>T\u00e4ss\u00e4 sivustossa k\u00e4ytet\u00e4\u00e4n ev\u00e4steit\u00e4 moniin k\u00e4ytt\u00f6tarkoituksiin, jotka liittyv\u00e4t sivuston toimivuuteen ja analysointiin.<\/p>\n<p>Sivustossa k\u00e4ytet\u00e4\u00e4n my\u00f6s Google kalenteri-palvelua.<\/p>\n<p>Lis\u00e4tietoja Googlen ev\u00e4steist\u00e4 voit lukea t\u00e4\u00e4lt\u00e4:\u00a0<a href=\"https:\/\/www.google.com\/policies\/technologies\/cookies\/\" target=\"_blank\" rel=\"noopener\">Googlen ev\u00e4stek\u00e4yt\u00e4nt\u00f6.<\/a>\u00a0Ev\u00e4stetiedot auttavat parantamaan sivuston toimivuutta ja k\u00e4ytett\u00e4vyytt\u00e4.<\/p>\n<\/div>\n","protected":false},"excerpt":{"rendered":"<p>EV\u00c4STEET JA REKISTERISELOSTE Ev\u00e4steet t\u00e4ss\u00e4 sivustossa T\u00e4ss\u00e4 sivustossa k\u00e4ytet\u00e4\u00e4n ev\u00e4steit\u00e4 moniin k\u00e4ytt\u00f6tarkoituksiin, jotka liittyv\u00e4t sivuston toimivuuteen ja analysointiin. Sivustossa k\u00e4ytet\u00e4\u00e4n my\u00f6s Google kalenteri-palvelua. Lis\u00e4tietoja Googlen ev\u00e4steist\u00e4 voit lukea t\u00e4\u00e4lt\u00e4:\u00a0Googlen ev\u00e4stek\u00e4yt\u00e4nt\u00f6.\u00a0Ev\u00e4stetiedot auttavat parantamaan sivuston toimivuutta ja k\u00e4ytett\u00e4vyytt\u00e4.<\/p>\n","protected":false},"author":1,"featured_media":0,"parent":0,"menu_order":0,"comment_status":"closed","ping_status":"closed","template":"","meta":{"footnotes":""},"class_list":["post-175","page","type-page","status-publish","hentry"],"_links":{"self":[{"href":"https:\/\/taksi.omenainen.fi\/index.php\/wp-json\/wp\/v2\/pages\/175","targetHints":{"allow":["GET"]}}],"collection":[{"href":"https:\/\/taksi.omenainen.fi\/index.php\/wp-json\/wp\/v2\/pages"}],"about":[{"href":"https:\/\/taksi.omenainen.fi\/index.php\/wp-json\/wp\/v2\/types\/page"}],"author":[{"embeddable":true,"href":"https:\/\/taksi.omenainen.fi\/index.php\/wp-json\/wp\/v2\/users\/1"}],"replies":[{"embeddable":true,"href":"https:\/\/taksi.omenainen.fi\/index.php\/wp-json\/wp\/v2\/comments?post=175"}],"version-history":[{"count":1,"href":"https:\/\/taksi.omenainen.fi\/index.php\/wp-json\/wp\/v2\/pages\/175\/revisions"}],"predecessor-version":[{"id":177,"href":"https:\/\/taksi.omenainen.fi\/index.php\/wp-json\/wp\/v2\/pages\/175\/revisions\/177"}],"wp:attachment":[{"href":"https:\/\/taksi.omenainen.fi\/index.php\/wp-json\/wp\/v2\/media?parent=175"}],"curies":[{"name":"wp","href":"https:\/\/api.w.org\/{rel}","templated":true}]}}