{"id":55,"date":"2024-05-16T06:50:26","date_gmt":"2024-05-16T06:50:26","guid":{"rendered":"https:\/\/taksi.omenainen.fi\/?page_id=55"},"modified":"2024-05-29T22:12:20","modified_gmt":"2024-05-29T22:12:20","slug":"laskutustiedot","status":"publish","type":"page","link":"https:\/\/taksi.omenainen.fi\/index.php\/sample-page\/laskutustiedot\/","title":{"rendered":"Laskutustiedot"},"content":{"rendered":"<p>Olemme siirtyneet ostolaskujen s\u00e4hk\u00f6iseen k\u00e4sittelyyn ja verkkolaskujen vastaanottoon tehostaaksemme laskujen k\u00e4sittely\u00e4. Operaattorimme on Maventa.<\/p>\n<p>Verkkolaskuosoite: 003711352079<\/p>\n<p>Operaattori \/V\u00e4litt\u00e4j\u00e4n tunnus: 003721291126<\/p>\n<p>V\u00e4litt\u00e4j\u00e4: Maventa<\/p>\n<p>&nbsp;<\/p>\n","protected":false},"excerpt":{"rendered":"<p>Olemme siirtyneet ostolaskujen s\u00e4hk\u00f6iseen k\u00e4sittelyyn ja verkkolaskujen vastaanottoon tehostaaksemme laskujen k\u00e4sittely\u00e4. Operaattorimme on Maventa. Verkkolaskuosoite: 003711352079 Operaattori \/V\u00e4litt\u00e4j\u00e4n tunnus: 003721291126 V\u00e4litt\u00e4j\u00e4: Maventa &nbsp;<\/p>\n","protected":false},"author":1,"featured_media":0,"parent":2,"menu_order":0,"comment_status":"closed","ping_status":"closed","template":"","meta":{"footnotes":""},"class_list":["post-55","page","type-page","status-publish","hentry"],"_links":{"self":[{"href":"https:\/\/taksi.omenainen.fi\/index.php\/wp-json\/wp\/v2\/pages\/55","targetHints":{"allow":["GET"]}}],"collection":[{"href":"https:\/\/taksi.omenainen.fi\/index.php\/wp-json\/wp\/v2\/pages"}],"about":[{"href":"https:\/\/taksi.omenainen.fi\/index.php\/wp-json\/wp\/v2\/types\/page"}],"author":[{"embeddable":true,"href":"https:\/\/taksi.omenainen.fi\/index.php\/wp-json\/wp\/v2\/users\/1"}],"replies":[{"embeddable":true,"href":"https:\/\/taksi.omenainen.fi\/index.php\/wp-json\/wp\/v2\/comments?post=55"}],"version-history":[{"count":3,"href":"https:\/\/taksi.omenainen.fi\/index.php\/wp-json\/wp\/v2\/pages\/55\/revisions"}],"predecessor-version":[{"id":76,"href":"https:\/\/taksi.omenainen.fi\/index.php\/wp-json\/wp\/v2\/pages\/55\/revisions\/76"}],"up":[{"embeddable":true,"href":"https:\/\/taksi.omenainen.fi\/index.php\/wp-json\/wp\/v2\/pages\/2"}],"wp:attachment":[{"href":"https:\/\/taksi.omenainen.fi\/index.php\/wp-json\/wp\/v2\/media?parent=55"}],"curies":[{"name":"wp","href":"https:\/\/api.w.org\/{rel}","templated":true}]}}