{"id":68,"date":"2024-05-20T08:38:05","date_gmt":"2024-05-20T08:38:05","guid":{"rendered":"https:\/\/taksi.omenainen.fi\/?page_id=68"},"modified":"2025-05-08T11:27:09","modified_gmt":"2025-05-08T08:27:09","slug":"yhteystiedot","status":"publish","type":"page","link":"https:\/\/taksi.omenainen.fi\/index.php\/yhteystiedot\/","title":{"rendered":"Yhteystiedot"},"content":{"rendered":"<p>Yhteystiedot:<\/p>\n<p>Puhelin: <strong><a href=\"tel:0403501515\">040 350 15 15<\/a><\/strong><\/p>\n<p>s\u00e4hk\u00f6posti: kyyti(\u00e4t)taksi.omenainen.fi\u00a0 (Korvaa (\u00e4t) @ merkill\u00e4)<\/p>\n<p>Varikko: Takojantie 23 48230 Kotka<\/p>\n<p>Postiosoite: Takojantie 23 48230 Kotka<\/p>\n<p>Facebook: <a href=\"https:\/\/www.facebook.com\/people\/Omenaisen-Taksit\/61558659823373\/\">Omenaisen Taksit | Kouvola | Facebook<\/a><\/p>\n","protected":false},"excerpt":{"rendered":"<p>Yhteystiedot: Puhelin: 040 350 15 15 s\u00e4hk\u00f6posti: kyyti(\u00e4t)taksi.omenainen.fi\u00a0 (Korvaa (\u00e4t) @ merkill\u00e4) Varikko: Takojantie 23 48230 Kotka Postiosoite: Takojantie 23 48230 Kotka Facebook: Omenaisen Taksit | Kouvola | Facebook<\/p>\n","protected":false},"author":1,"featured_media":0,"parent":0,"menu_order":0,"comment_status":"closed","ping_status":"closed","template":"","meta":{"footnotes":""},"class_list":["post-68","page","type-page","status-publish","hentry"],"_links":{"self":[{"href":"https:\/\/taksi.omenainen.fi\/index.php\/wp-json\/wp\/v2\/pages\/68","targetHints":{"allow":["GET"]}}],"collection":[{"href":"https:\/\/taksi.omenainen.fi\/index.php\/wp-json\/wp\/v2\/pages"}],"about":[{"href":"https:\/\/taksi.omenainen.fi\/index.php\/wp-json\/wp\/v2\/types\/page"}],"author":[{"embeddable":true,"href":"https:\/\/taksi.omenainen.fi\/index.php\/wp-json\/wp\/v2\/users\/1"}],"replies":[{"embeddable":true,"href":"https:\/\/taksi.omenainen.fi\/index.php\/wp-json\/wp\/v2\/comments?post=68"}],"version-history":[{"count":5,"href":"https:\/\/taksi.omenainen.fi\/index.php\/wp-json\/wp\/v2\/pages\/68\/revisions"}],"predecessor-version":[{"id":211,"href":"https:\/\/taksi.omenainen.fi\/index.php\/wp-json\/wp\/v2\/pages\/68\/revisions\/211"}],"wp:attachment":[{"href":"https:\/\/taksi.omenainen.fi\/index.php\/wp-json\/wp\/v2\/media?parent=68"}],"curies":[{"name":"wp","href":"https:\/\/api.w.org\/{rel}","templated":true}]}}